{"id":988156,"date":"2023-12-23T20:04:59","date_gmt":"2023-12-23T19:04:59","guid":{"rendered":"https:\/\/ppmconseil.com\/?page_id=988156"},"modified":"2024-09-28T01:04:15","modified_gmt":"2024-09-27T23:04:15","slug":"lean-portfolio","status":"publish","type":"page","link":"https:\/\/ppmconseil.com\/en\/lean-portfolio\/","title":{"rendered":""},"content":{"rendered":"<div class=\"vgblk-rw-wrapper limit-wrapper\">\n\n\t<h2><strong>Implementation of a Lean Portfolio for Agile Transformation.<\/strong><strong>\u00a0<\/strong><\/h2>\n\t<p>Welcome to <strong>PPM Consulting &amp; Performance<\/strong> the world of <strong>agile transformation<\/strong>In this dynamic environment, portfolio management must evolve to keep pace with the pace of change. To succeed in this dynamic environment, portfolio management needs to evolve to keep pace with the changing world.<strong>agility<\/strong>. This is where the <strong>Lean Portfolio<\/strong> comes into play, the <strong>Lean Portfolio<\/strong> is a strategic approach to aligning project portfolios with the company's strategic objectives. Inspired by Lean principles and adapted to the world <strong>agile<\/strong>the <strong>Lean Portfolio<\/strong> promotes visibility, transparency and rapid decision-making.<\/p>\n<p>&nbsp;<\/p>\n<h1>\n\t01\n\t<\/h1>\n<h3>\n\t<br \/>The benefits of Lean Portfolio in Agile Transformation\n\t<\/h3>\n\t\t\tStrategic Alignment\n\t\t<ul><li>Make sure every initiative contributes to the company's strategic objectives.<\/li><li>Maximize the value delivered by aligning efforts with strategic priorities.<\/li><\/ul>\n\t\t\tIncreased visibility\n\t\t<ul><li>Get a global view of projects, teams and resources.<\/li><li>Quickly identify obstacles and opportunities for proactive management.<\/li><\/ul>\n\t\t\tWaste reduction\n\t\t<ul><li>Eliminate activities that don't add value.<\/li><li>Optimize resources by concentrating efforts on what really counts.<\/li><\/ul>\n\t\t\tEnhanced agility\n\t\t<ul><li>Adapt quickly to market changes and new opportunities.<\/li><li>Encourage continuous innovation and improvement.<\/li><\/ul>\n<h1>\n\t02\n\t<\/h1>\n<h3>\n\t<br \/>Our approach\n\t<\/h3>\n\t\t\tInitial assessment\n\t\t<ul>\n<li>Understand your strategic objectives and organizational context.<\/li>\n<li>Identify opportunities for improvement and potential obstacles.<\/li>\n<\/ul>\n\t\t\tDesigning the Lean Portfolio\n\t\t<ul>\n<li>Develop a portfolio aligned with your strategic priorities.<\/li>\n<li>Define key metrics to measure success.<\/li>\n<\/ul>\n\t\t\tTraining and Integration\n\t\t<ul><li>Train teams and leaders in the principles of <strong>Lean Portfolio<\/strong>.<\/li><li>Integrate the practices into your existing portfolio management processes.<\/li><\/ul>\n\t\t\tContinuous Monitoring and Adjustment\n\t\t<ul>\n<li>Set up monitoring mechanisms to measure performance.<\/li>\n<li>Constantly adjust the portfolio to meet changing needs.<\/li>\n<\/ul>\n<h4>\n\tENSURE GREATER PROFITABILITY AND EFFICIENCY\n\t<\/h4>\n\t<p><strong>At PPM Consulting &amp; Performance, we understand that every organization is unique, with its own challenges and opportunities. Our personalized approach to Lean Portfolio implementation adapts to your corporate culture, promoting a smooth transition to agile portfolio management. We believe that success lies in working closely with our customers, listening carefully to their needs and creating sustainable solutions.<\/strong><\/p>\n<h2>\n\tMake Lean Portfolio the key to your success in agile transformation!\n\t<\/h2>\n<h5>\n\tIf you're ready to transform your portfolio management to reach new heights of agility and performance, contact us today. At PPM Conseil &amp; Performance, we're committed to making your agile transformation a success.\n\t<\/h5>\n\t<a href=\"\/en\/contact\/\" target=\"_self\" role=\"button\" rel=\"noopener\">\n\t\t\t\t\tContact us\n\t<\/a>\n\n<\/div><!-- .vgblk-rw-wrapper -->","protected":false},"excerpt":{"rendered":"<p>Implementation of a Lean Portfolio for Agile Transformation.  Welcome to PPM Consulting &amp; Performance, the world of agile transformation, where efficiency, adaptability and customer value are at the...<\/p>","protected":false},"author":1,"featured_media":0,"parent":0,"menu_order":0,"comment_status":"closed","ping_status":"closed","template":"","meta":{"inline_featured_image":false,"footnotes":""},"yoast_head":"<!-- This site is optimized with the Yoast SEO Premium plugin v23.4 (Yoast SEO v23.5) - https:\/\/yoast.com\/wordpress\/plugins\/seo\/ -->\n<title>- PPM Consulting &amp; Performance<\/title>\n<meta name=\"robots\" content=\"index, follow, max-snippet:-1, max-image-preview:large, max-video-preview:-1\" \/>\n<link rel=\"canonical\" href=\"https:\/\/ppmconseil.com\/en\/lean-portfolio\/\" \/>\n<meta property=\"og:locale\" content=\"en_US\" \/>\n<meta property=\"og:type\" content=\"article\" \/>\n<meta property=\"og:description\" content=\"Mise en Place d&rsquo;un Lean Portfolio pour la Transformation Agile.\u00a0 Bienvenue chez PPM Consulting &amp; Performance l&rsquo;univers de la transformation agile, o\u00f9 l&rsquo;efficacit\u00e9, l&rsquo;adaptabilit\u00e9 et la valeur client sont au...\" \/>\n<meta property=\"og:url\" content=\"https:\/\/ppmconseil.com\/en\/lean-portfolio\/\" \/>\n<meta property=\"og:site_name\" content=\"PPM Consulting &amp; Performance\" \/>\n<meta property=\"article:publisher\" content=\"https:\/\/www.linkedin.com\/company\/ppm-conseil-performance\" \/>\n<meta property=\"article:modified_time\" content=\"2024-09-27T23:04:15+00:00\" \/>\n<meta name=\"twitter:card\" content=\"summary_large_image\" \/>\n<meta name=\"twitter:label1\" content=\"Est. reading time\" \/>\n\t<meta name=\"twitter:data1\" content=\"3 minutes\" \/>\n<script type=\"application\/ld+json\" class=\"yoast-schema-graph\">{\"@context\":\"https:\/\/schema.org\",\"@graph\":[{\"@type\":\"WebPage\",\"@id\":\"https:\/\/ppmconseil.com\/lean-portfolio\/\",\"url\":\"https:\/\/ppmconseil.com\/lean-portfolio\/\",\"name\":\"- PPM Consulting &amp; Performance\",\"isPartOf\":{\"@id\":\"https:\/\/ppmconseil.com\/#website\"},\"datePublished\":\"2023-12-23T19:04:59+00:00\",\"dateModified\":\"2024-09-27T23:04:15+00:00\",\"inLanguage\":\"en-US\",\"potentialAction\":[{\"@type\":\"ReadAction\",\"target\":[\"https:\/\/ppmconseil.com\/lean-portfolio\/\"]}]},{\"@type\":\"WebSite\",\"@id\":\"https:\/\/ppmconseil.com\/#website\",\"url\":\"https:\/\/ppmconseil.com\/\",\"name\":\"PPM Conseil & Performance\",\"description\":\"\",\"publisher\":{\"@id\":\"https:\/\/ppmconseil.com\/#organization\"},\"potentialAction\":[{\"@type\":\"SearchAction\",\"target\":{\"@type\":\"EntryPoint\",\"urlTemplate\":\"https:\/\/ppmconseil.com\/?s={search_term_string}\"},\"query-input\":{\"@type\":\"PropertyValueSpecification\",\"valueRequired\":true,\"valueName\":\"search_term_string\"}}],\"inLanguage\":\"en-US\"},{\"@type\":\"Organization\",\"@id\":\"https:\/\/ppmconseil.com\/#organization\",\"name\":\"PPM Conseil & Performance\",\"url\":\"https:\/\/ppmconseil.com\/\",\"logo\":{\"@type\":\"ImageObject\",\"inLanguage\":\"en-US\",\"@id\":\"https:\/\/ppmconseil.com\/#\/schema\/logo\/image\/\",\"url\":\"https:\/\/ppmconseil.com\/wp-content\/uploads\/2024\/09\/cropped-197385723_padded_logo.png\",\"contentUrl\":\"https:\/\/ppmconseil.com\/wp-content\/uploads\/2024\/09\/cropped-197385723_padded_logo.png\",\"width\":772,\"height\":228,\"caption\":\"PPM Conseil & Performance\"},\"image\":{\"@id\":\"https:\/\/ppmconseil.com\/#\/schema\/logo\/image\/\"},\"sameAs\":[\"https:\/\/www.linkedin.com\/company\/ppm-conseil-performance\"]}]}<\/script>\n<!-- \/ Yoast SEO Premium plugin. -->","yoast_head_json":{"title":"- PPM Consulting &amp; Performance","robots":{"index":"index","follow":"follow","max-snippet":"max-snippet:-1","max-image-preview":"max-image-preview:large","max-video-preview":"max-video-preview:-1"},"canonical":"https:\/\/ppmconseil.com\/en\/lean-portfolio\/","og_locale":"en_US","og_type":"article","og_description":"Mise en Place d&rsquo;un Lean Portfolio pour la Transformation Agile.\u00a0 Bienvenue chez PPM Consulting &amp; Performance l&rsquo;univers de la transformation agile, o\u00f9 l&rsquo;efficacit\u00e9, l&rsquo;adaptabilit\u00e9 et la valeur client sont au...","og_url":"https:\/\/ppmconseil.com\/en\/lean-portfolio\/","og_site_name":"PPM Consulting &amp; Performance","article_publisher":"https:\/\/www.linkedin.com\/company\/ppm-conseil-performance","article_modified_time":"2024-09-27T23:04:15+00:00","twitter_card":"summary_large_image","twitter_misc":{"Est. reading time":"3 minutes"},"schema":{"@context":"https:\/\/schema.org","@graph":[{"@type":"WebPage","@id":"https:\/\/ppmconseil.com\/lean-portfolio\/","url":"https:\/\/ppmconseil.com\/lean-portfolio\/","name":"- PPM Consulting &amp; Performance","isPartOf":{"@id":"https:\/\/ppmconseil.com\/#website"},"datePublished":"2023-12-23T19:04:59+00:00","dateModified":"2024-09-27T23:04:15+00:00","inLanguage":"en-US","potentialAction":[{"@type":"ReadAction","target":["https:\/\/ppmconseil.com\/lean-portfolio\/"]}]},{"@type":"WebSite","@id":"https:\/\/ppmconseil.com\/#website","url":"https:\/\/ppmconseil.com\/","name":"PPM Conseil &amp; Performance","description":"","publisher":{"@id":"https:\/\/ppmconseil.com\/#organization"},"potentialAction":[{"@type":"SearchAction","target":{"@type":"EntryPoint","urlTemplate":"https:\/\/ppmconseil.com\/?s={search_term_string}"},"query-input":{"@type":"PropertyValueSpecification","valueRequired":true,"valueName":"search_term_string"}}],"inLanguage":"en-US"},{"@type":"Organization","@id":"https:\/\/ppmconseil.com\/#organization","name":"PPM Conseil &amp; Performance","url":"https:\/\/ppmconseil.com\/","logo":{"@type":"ImageObject","inLanguage":"en-US","@id":"https:\/\/ppmconseil.com\/#\/schema\/logo\/image\/","url":"https:\/\/ppmconseil.com\/wp-content\/uploads\/2024\/09\/cropped-197385723_padded_logo.png","contentUrl":"https:\/\/ppmconseil.com\/wp-content\/uploads\/2024\/09\/cropped-197385723_padded_logo.png","width":772,"height":228,"caption":"PPM Conseil & Performance"},"image":{"@id":"https:\/\/ppmconseil.com\/#\/schema\/logo\/image\/"},"sameAs":["https:\/\/www.linkedin.com\/company\/ppm-conseil-performance"]}]}},"_links":{"self":[{"href":"https:\/\/ppmconseil.com\/en\/wp-json\/wp\/v2\/pages\/988156"}],"collection":[{"href":"https:\/\/ppmconseil.com\/en\/wp-json\/wp\/v2\/pages"}],"about":[{"href":"https:\/\/ppmconseil.com\/en\/wp-json\/wp\/v2\/types\/page"}],"author":[{"embeddable":true,"href":"https:\/\/ppmconseil.com\/en\/wp-json\/wp\/v2\/users\/1"}],"replies":[{"embeddable":true,"href":"https:\/\/ppmconseil.com\/en\/wp-json\/wp\/v2\/comments?post=988156"}],"version-history":[{"count":7,"href":"https:\/\/ppmconseil.com\/en\/wp-json\/wp\/v2\/pages\/988156\/revisions"}],"predecessor-version":[{"id":988252,"href":"https:\/\/ppmconseil.com\/en\/wp-json\/wp\/v2\/pages\/988156\/revisions\/988252"}],"wp:attachment":[{"href":"https:\/\/ppmconseil.com\/en\/wp-json\/wp\/v2\/media?parent=988156"}],"curies":[{"name":"wp","href":"https:\/\/api.w.org\/{rel}","templated":true}]}}