{"id":988140,"date":"2023-12-22T19:47:28","date_gmt":"2023-12-22T18:47:28","guid":{"rendered":"https:\/\/ppmconseil.com\/?page_id=988140"},"modified":"2024-10-15T09:30:23","modified_gmt":"2024-10-15T07:30:23","slug":"outils-ppm","status":"publish","type":"page","link":"https:\/\/ppmconseil.com\/en\/outils-ppm\/","title":{"rendered":"(no title)"},"content":{"rendered":"<div class=\"vgblk-rw-wrapper limit-wrapper\">\n\n\t<h2><strong>Optimize your project portfolio management in an Agile environment<\/strong><\/h2>\n\n<h2><strong>\u00a0<\/strong><\/h2>\n\t<p><strong>Adapt Your PPM Tool to Scale Agility:<\/strong> In today's Agile world, effective project management depends not only on the methodologies used, but also on the tools that support them. At <strong>PPM Consulting &amp; Performance<\/strong>We specialize in the integration of <strong>Project Portfolio Management (PPM)<\/strong> adapted to the specifics of large-scale agile organizations. Our goal is to provide you with PPM solutions that not only align with your framework <strong>Agile<\/strong>but also reinforce it.<\/p>\n\n<h1>\n\t01\n\t<\/h1>\n<h3>\n\t<br \/>Why choose our expertise in PPM tools?\n\t<\/h3>\n\t\t\tDeep understanding of Agility at scale\n\t\t<p>We understand the unique challenges of implementing <strong>agility at scale<\/strong> and how the tools <strong>PPM<\/strong> can be optimized to support these initiatives.<\/p>\n\t\t\tCustom Solutions\n\t\t<p>Every organization is unique, and our solutions are designed to fit your specific needs, culture and objectives.<\/p>\n\t\t\tTechnical and business expertise\n\t\t<p>Our team combines in-depth technical expertise with business understanding to ensure that your tool <strong>PPM<\/strong> offers maximum value.\u00a0\u00a0\u00a0\u00a0<\/p>\n<h1>\n\t02\n\t<\/h1>\n<h3>\n\t<br \/>Our approach\n\t<\/h3>\n\t\t\tAssessment and Consulting\n\t\t<p>We start with an assessment of your current processes and tools. <strong>PPM<\/strong> identifying opportunities for improvement and alignment with existing practices. <strong>Agile<\/strong>.<\/p>\n\t\t\tCustomization and Integration\n\t\t<p>Based on our assessment, we customize and integrate tools <strong>PPM<\/strong> that support your processes <strong>Agile at scale<\/strong>by ensuring smooth, efficient project management.<\/p>\n\t\t\tTraining and Support\n\t\t<p>We don't stop at implementation. We train your teams to use the tools effectively. <strong>PPM<\/strong> and offer ongoing support to ensure optimal use.<\/p>\n<h4>\n\tTRANSFORM YOUR PROJECT MANAGEMENT\n\t<\/h4>\n\t<p><strong>Transform the way your organization manages projects with PPM Consulting &amp; Performance. Our PPM tool integration solutions for agility at scale will help you maximize the efficiency, visibility and control of your project portfolios.<\/strong><\/p>\n<h2>\n\tContact us for a customized solution\n\t<\/h2>\n<h5>\n\tReady to optimize your project management? Contact our team to find out how our PPM tool integration solutions can propel your organization towards Agile management at scale.\n\t<\/h5>\n\t<a href=\"\/en\/contact\/\" target=\"_self\" role=\"button\" rel=\"noopener\">\n\t\t\t\t\tContact us\n\t<\/a>\n\n<\/div><!-- .vgblk-rw-wrapper -->","protected":false},"excerpt":{"rendered":"<p>Optimize your project portfolio management in an Agile environment Adapt Your PPM Tool to Scale Agility: In today's Agile world, effective project portfolio management is...<\/p>","protected":false},"author":1,"featured_media":0,"parent":0,"menu_order":0,"comment_status":"closed","ping_status":"closed","template":"","meta":{"inline_featured_image":false,"footnotes":""},"yoast_head":"<!-- This site is optimized with the Yoast SEO Premium plugin v23.4 (Yoast SEO v23.5) - https:\/\/yoast.com\/wordpress\/plugins\/seo\/ -->\n<title>(pas de titre) - PPM Consulting &amp; Performance<\/title>\n<meta name=\"robots\" content=\"index, follow, max-snippet:-1, max-image-preview:large, max-video-preview:-1\" \/>\n<link rel=\"canonical\" href=\"https:\/\/ppmconseil.com\/en\/outils-ppm\/\" \/>\n<meta property=\"og:locale\" content=\"en_US\" \/>\n<meta property=\"og:type\" content=\"article\" \/>\n<meta property=\"og:title\" content=\"(pas de titre)\" \/>\n<meta property=\"og:description\" content=\"Optimisez votre gestion de portefeuille de projets dans un environnement Agile \u00a0 Adaptez Votre Outil PPM \u00e0 l&rsquo;Agilit\u00e9 \u00e0 l&rsquo;\u00c9chelle : Dans le monde Agile d&rsquo;aujourd&rsquo;hui, l&rsquo;efficacit\u00e9 de la gestion...\" \/>\n<meta property=\"og:url\" content=\"https:\/\/ppmconseil.com\/en\/outils-ppm\/\" \/>\n<meta property=\"og:site_name\" content=\"PPM Consulting &amp; Performance\" \/>\n<meta property=\"article:publisher\" content=\"https:\/\/www.linkedin.com\/company\/ppm-conseil-performance\" \/>\n<meta property=\"article:modified_time\" content=\"2024-10-15T07:30:23+00:00\" \/>\n<meta name=\"twitter:card\" content=\"summary_large_image\" \/>\n<meta name=\"twitter:label1\" content=\"Est. reading time\" \/>\n\t<meta name=\"twitter:data1\" content=\"2 minutes\" \/>\n<script type=\"application\/ld+json\" class=\"yoast-schema-graph\">{\"@context\":\"https:\/\/schema.org\",\"@graph\":[{\"@type\":\"WebPage\",\"@id\":\"https:\/\/ppmconseil.com\/outils-ppm\/\",\"url\":\"https:\/\/ppmconseil.com\/outils-ppm\/\",\"name\":\"(pas de titre) - PPM Consulting &amp; Performance\",\"isPartOf\":{\"@id\":\"https:\/\/ppmconseil.com\/#website\"},\"datePublished\":\"2023-12-22T18:47:28+00:00\",\"dateModified\":\"2024-10-15T07:30:23+00:00\",\"breadcrumb\":{\"@id\":\"https:\/\/ppmconseil.com\/outils-ppm\/#breadcrumb\"},\"inLanguage\":\"en-US\",\"potentialAction\":[{\"@type\":\"ReadAction\",\"target\":[\"https:\/\/ppmconseil.com\/outils-ppm\/\"]}]},{\"@type\":\"BreadcrumbList\",\"@id\":\"https:\/\/ppmconseil.com\/outils-ppm\/#breadcrumb\",\"itemListElement\":[{\"@type\":\"ListItem\",\"position\":1,\"name\":\"Home\",\"item\":\"https:\/\/ppmconseil.com\/\"},{\"@type\":\"ListItem\",\"position\":2,\"name\":\"(pas de titre)\"}]},{\"@type\":\"WebSite\",\"@id\":\"https:\/\/ppmconseil.com\/#website\",\"url\":\"https:\/\/ppmconseil.com\/\",\"name\":\"PPM Conseil & Performance\",\"description\":\"\",\"publisher\":{\"@id\":\"https:\/\/ppmconseil.com\/#organization\"},\"potentialAction\":[{\"@type\":\"SearchAction\",\"target\":{\"@type\":\"EntryPoint\",\"urlTemplate\":\"https:\/\/ppmconseil.com\/?s={search_term_string}\"},\"query-input\":{\"@type\":\"PropertyValueSpecification\",\"valueRequired\":true,\"valueName\":\"search_term_string\"}}],\"inLanguage\":\"en-US\"},{\"@type\":\"Organization\",\"@id\":\"https:\/\/ppmconseil.com\/#organization\",\"name\":\"PPM Conseil & Performance\",\"url\":\"https:\/\/ppmconseil.com\/\",\"logo\":{\"@type\":\"ImageObject\",\"inLanguage\":\"en-US\",\"@id\":\"https:\/\/ppmconseil.com\/#\/schema\/logo\/image\/\",\"url\":\"https:\/\/ppmconseil.com\/wp-content\/uploads\/2024\/09\/cropped-197385723_padded_logo.png\",\"contentUrl\":\"https:\/\/ppmconseil.com\/wp-content\/uploads\/2024\/09\/cropped-197385723_padded_logo.png\",\"width\":772,\"height\":228,\"caption\":\"PPM Conseil & Performance\"},\"image\":{\"@id\":\"https:\/\/ppmconseil.com\/#\/schema\/logo\/image\/\"},\"sameAs\":[\"https:\/\/www.linkedin.com\/company\/ppm-conseil-performance\"]}]}<\/script>\n<!-- \/ Yoast SEO Premium plugin. -->","yoast_head_json":{"title":"(no title) - PPM Consulting &amp; Performance","robots":{"index":"index","follow":"follow","max-snippet":"max-snippet:-1","max-image-preview":"max-image-preview:large","max-video-preview":"max-video-preview:-1"},"canonical":"https:\/\/ppmconseil.com\/en\/outils-ppm\/","og_locale":"en_US","og_type":"article","og_title":"(pas de titre)","og_description":"Optimisez votre gestion de portefeuille de projets dans un environnement Agile \u00a0 Adaptez Votre Outil PPM \u00e0 l&rsquo;Agilit\u00e9 \u00e0 l&rsquo;\u00c9chelle : Dans le monde Agile d&rsquo;aujourd&rsquo;hui, l&rsquo;efficacit\u00e9 de la gestion...","og_url":"https:\/\/ppmconseil.com\/en\/outils-ppm\/","og_site_name":"PPM Consulting &amp; Performance","article_publisher":"https:\/\/www.linkedin.com\/company\/ppm-conseil-performance","article_modified_time":"2024-10-15T07:30:23+00:00","twitter_card":"summary_large_image","twitter_misc":{"Est. reading time":"2 minutes"},"schema":{"@context":"https:\/\/schema.org","@graph":[{"@type":"WebPage","@id":"https:\/\/ppmconseil.com\/outils-ppm\/","url":"https:\/\/ppmconseil.com\/outils-ppm\/","name":"(no title) - PPM Consulting &amp; Performance","isPartOf":{"@id":"https:\/\/ppmconseil.com\/#website"},"datePublished":"2023-12-22T18:47:28+00:00","dateModified":"2024-10-15T07:30:23+00:00","breadcrumb":{"@id":"https:\/\/ppmconseil.com\/outils-ppm\/#breadcrumb"},"inLanguage":"en-US","potentialAction":[{"@type":"ReadAction","target":["https:\/\/ppmconseil.com\/outils-ppm\/"]}]},{"@type":"BreadcrumbList","@id":"https:\/\/ppmconseil.com\/outils-ppm\/#breadcrumb","itemListElement":[{"@type":"ListItem","position":1,"name":"Home","item":"https:\/\/ppmconseil.com\/"},{"@type":"ListItem","position":2,"name":"(pas de titre)"}]},{"@type":"WebSite","@id":"https:\/\/ppmconseil.com\/#website","url":"https:\/\/ppmconseil.com\/","name":"PPM Conseil &amp; Performance","description":"","publisher":{"@id":"https:\/\/ppmconseil.com\/#organization"},"potentialAction":[{"@type":"SearchAction","target":{"@type":"EntryPoint","urlTemplate":"https:\/\/ppmconseil.com\/?s={search_term_string}"},"query-input":{"@type":"PropertyValueSpecification","valueRequired":true,"valueName":"search_term_string"}}],"inLanguage":"en-US"},{"@type":"Organization","@id":"https:\/\/ppmconseil.com\/#organization","name":"PPM Conseil &amp; Performance","url":"https:\/\/ppmconseil.com\/","logo":{"@type":"ImageObject","inLanguage":"en-US","@id":"https:\/\/ppmconseil.com\/#\/schema\/logo\/image\/","url":"https:\/\/ppmconseil.com\/wp-content\/uploads\/2024\/09\/cropped-197385723_padded_logo.png","contentUrl":"https:\/\/ppmconseil.com\/wp-content\/uploads\/2024\/09\/cropped-197385723_padded_logo.png","width":772,"height":228,"caption":"PPM Conseil & Performance"},"image":{"@id":"https:\/\/ppmconseil.com\/#\/schema\/logo\/image\/"},"sameAs":["https:\/\/www.linkedin.com\/company\/ppm-conseil-performance"]}]}},"_links":{"self":[{"href":"https:\/\/ppmconseil.com\/en\/wp-json\/wp\/v2\/pages\/988140"}],"collection":[{"href":"https:\/\/ppmconseil.com\/en\/wp-json\/wp\/v2\/pages"}],"about":[{"href":"https:\/\/ppmconseil.com\/en\/wp-json\/wp\/v2\/types\/page"}],"author":[{"embeddable":true,"href":"https:\/\/ppmconseil.com\/en\/wp-json\/wp\/v2\/users\/1"}],"replies":[{"embeddable":true,"href":"https:\/\/ppmconseil.com\/en\/wp-json\/wp\/v2\/comments?post=988140"}],"version-history":[{"count":9,"href":"https:\/\/ppmconseil.com\/en\/wp-json\/wp\/v2\/pages\/988140\/revisions"}],"predecessor-version":[{"id":988260,"href":"https:\/\/ppmconseil.com\/en\/wp-json\/wp\/v2\/pages\/988140\/revisions\/988260"}],"wp:attachment":[{"href":"https:\/\/ppmconseil.com\/en\/wp-json\/wp\/v2\/media?parent=988140"}],"curies":[{"name":"wp","href":"https:\/\/api.w.org\/{rel}","templated":true}]}}