{"id":988123,"date":"2023-12-22T19:05:19","date_gmt":"2023-12-22T18:05:19","guid":{"rendered":"https:\/\/ppmconseil.com\/?page_id=988123"},"modified":"2024-09-28T01:01:21","modified_gmt":"2024-09-27T23:01:21","slug":"transformation-agile","status":"publish","type":"page","link":"https:\/\/ppmconseil.com\/en\/transformation-agile\/","title":{"rendered":""},"content":{"rendered":"<div class=\"vgblk-rw-wrapper limit-wrapper\">\n\n\t<h2><strong>Accelerate your transformation with our Agile coaching at scale.<\/strong><\/h2>\n<h2><strong>\u00a0<\/strong><\/h2>\n\t<p><strong>Take your business to new heights:<\/strong> At <strong>PPM Consulting &amp; Performance<\/strong>We understand that adopting agility at scale represents a considerable challenge for any organization. Our coaching service <strong>Agile<\/strong> at scale is specially designed to guide companies through this complex journey. Working alongside you, we transform not only your processes, but also your corporate culture, ensuring sustainable, effective adoption of the principles of<strong> Agile<\/strong>.<\/p>\n<p><strong>\u00a0<\/strong><\/p>\n<h1>\n\t01\n\t<\/h1>\n<h3>\n\t<br \/>Why scale Agile coaching?\n\t<\/h3>\n\t\t\tCutting-edge expertise\n\t\t<p>Our team of coaches <strong>Agile<\/strong> has in-depth knowledge of frameworks such as <strong>SAFe<\/strong> and <strong>Scrum@Scale<\/strong>.\u00a0\u00a0\u00a0<\/p>\n\t\t\tCustomized approach\n\t\t<p>We understand that every company is unique. Our coaching is therefore tailored to your specific needs, corporate culture and strategic objectives.<\/p>\n\t\t\tMeasurable results\n\t\t<p>Our aim is to deliver tangible, measurable results, improving the speed, flexibility and quality of your project delivery.<\/p>\n<h1>\n\t02\n\t<\/h1>\n<h3>\n\t<br \/>Our coaching services include \n\t<\/h3>\n\t\t\tAgility assessment at scale\n\t\t<p>We start by assessing your current state of agility and identifying key areas for improvement.<\/p>\n\t\t\tStrategic Planning\n\t\t<p>Development of a customized plan to implement or optimize your practices <strong>Agile<\/strong> to scale.\u00a0\u00a0\u00a0\u00a0<\/p>\n\t\t\tTraining and Mentoring\n\t\t<p>Training your teams and leaders to become champions <strong>Agile<\/strong> autonomous.\u00a0\u00a0\u00a0\u00a0<\/p>\n\t\t\tOngoing support\n\t\t<p>Ongoing monitoring to ensure that practices <strong>Agile<\/strong> are maintained and evolve with your company's needs.<\/p>\n<h4>\n\tTRANSFORM YOUR ORGANIZATION\n\t<\/h4>\n\t<p><strong>Our Agile coaching at scale isn't just about implementing methodologies, it's about creating an environment where agility thrives at every level. We help you build an agile corporate culture, where collaboration, transparency and adaptability are key values.<\/strong><\/p>\n<h2>\n\tStart your Agile journey\n\t<\/h2>\n<h5>\n\tContact PPM Conseil &amp; Performance today to find out how our Agile coaching at scale can transform your business. Together, we can realize your organization's full Agile potential.\n\t<\/h5>\n\t<a href=\"\/en\/contact\/\" target=\"_self\" role=\"button\" rel=\"noopener\">\n\t\t\t\t\tContact us\n\t<\/a>\n\n<\/div><!-- .vgblk-rw-wrapper -->","protected":false},"excerpt":{"rendered":"<p>Accelerate your transformation with our Agile coaching at scale.   Elevate your business to new heights: At PPM Consulting &amp; Performance, we understand that the adoption of agility at scale...<\/p>","protected":false},"author":1,"featured_media":0,"parent":0,"menu_order":0,"comment_status":"closed","ping_status":"closed","template":"","meta":{"inline_featured_image":false,"footnotes":""},"yoast_head":"<!-- This site is optimized with the Yoast SEO Premium plugin v23.4 (Yoast SEO v23.5) - https:\/\/yoast.com\/wordpress\/plugins\/seo\/ -->\n<title>- PPM Consulting &amp; Performance<\/title>\n<meta name=\"robots\" content=\"index, follow, max-snippet:-1, max-image-preview:large, max-video-preview:-1\" \/>\n<link rel=\"canonical\" href=\"https:\/\/ppmconseil.com\/en\/transformation-agile\/\" \/>\n<meta property=\"og:locale\" content=\"en_US\" \/>\n<meta property=\"og:type\" content=\"article\" \/>\n<meta property=\"og:description\" content=\"Acc\u00e9l\u00e9rez votre transformation avec notre coaching Agile \u00e0 l&rsquo;\u00e9chelle. \u00a0 \u00c9levez votre entreprise \u00e0 de nouveaux sommets : Chez PPM Consulting &amp; Performance, nous comprenons que l&rsquo;adoption de l&rsquo;agilit\u00e9 \u00e0...\" \/>\n<meta property=\"og:url\" content=\"https:\/\/ppmconseil.com\/en\/transformation-agile\/\" \/>\n<meta property=\"og:site_name\" content=\"PPM Consulting &amp; Performance\" \/>\n<meta property=\"article:publisher\" content=\"https:\/\/www.linkedin.com\/company\/ppm-conseil-performance\" \/>\n<meta property=\"article:modified_time\" content=\"2024-09-27T23:01:21+00:00\" \/>\n<meta name=\"twitter:card\" content=\"summary_large_image\" \/>\n<meta name=\"twitter:label1\" content=\"Est. reading time\" \/>\n\t<meta name=\"twitter:data1\" content=\"2 minutes\" \/>\n<script type=\"application\/ld+json\" class=\"yoast-schema-graph\">{\"@context\":\"https:\/\/schema.org\",\"@graph\":[{\"@type\":\"WebPage\",\"@id\":\"https:\/\/ppmconseil.com\/transformation-agile\/\",\"url\":\"https:\/\/ppmconseil.com\/transformation-agile\/\",\"name\":\"- PPM Consulting &amp; Performance\",\"isPartOf\":{\"@id\":\"https:\/\/ppmconseil.com\/#website\"},\"datePublished\":\"2023-12-22T18:05:19+00:00\",\"dateModified\":\"2024-09-27T23:01:21+00:00\",\"inLanguage\":\"en-US\",\"potentialAction\":[{\"@type\":\"ReadAction\",\"target\":[\"https:\/\/ppmconseil.com\/transformation-agile\/\"]}]},{\"@type\":\"WebSite\",\"@id\":\"https:\/\/ppmconseil.com\/#website\",\"url\":\"https:\/\/ppmconseil.com\/\",\"name\":\"PPM Conseil & Performance\",\"description\":\"\",\"publisher\":{\"@id\":\"https:\/\/ppmconseil.com\/#organization\"},\"potentialAction\":[{\"@type\":\"SearchAction\",\"target\":{\"@type\":\"EntryPoint\",\"urlTemplate\":\"https:\/\/ppmconseil.com\/?s={search_term_string}\"},\"query-input\":{\"@type\":\"PropertyValueSpecification\",\"valueRequired\":true,\"valueName\":\"search_term_string\"}}],\"inLanguage\":\"en-US\"},{\"@type\":\"Organization\",\"@id\":\"https:\/\/ppmconseil.com\/#organization\",\"name\":\"PPM Conseil & Performance\",\"url\":\"https:\/\/ppmconseil.com\/\",\"logo\":{\"@type\":\"ImageObject\",\"inLanguage\":\"en-US\",\"@id\":\"https:\/\/ppmconseil.com\/#\/schema\/logo\/image\/\",\"url\":\"https:\/\/ppmconseil.com\/wp-content\/uploads\/2024\/09\/cropped-197385723_padded_logo.png\",\"contentUrl\":\"https:\/\/ppmconseil.com\/wp-content\/uploads\/2024\/09\/cropped-197385723_padded_logo.png\",\"width\":772,\"height\":228,\"caption\":\"PPM Conseil & Performance\"},\"image\":{\"@id\":\"https:\/\/ppmconseil.com\/#\/schema\/logo\/image\/\"},\"sameAs\":[\"https:\/\/www.linkedin.com\/company\/ppm-conseil-performance\"]}]}<\/script>\n<!-- \/ Yoast SEO Premium plugin. -->","yoast_head_json":{"title":"- PPM Consulting &amp; Performance","robots":{"index":"index","follow":"follow","max-snippet":"max-snippet:-1","max-image-preview":"max-image-preview:large","max-video-preview":"max-video-preview:-1"},"canonical":"https:\/\/ppmconseil.com\/en\/transformation-agile\/","og_locale":"en_US","og_type":"article","og_description":"Acc\u00e9l\u00e9rez votre transformation avec notre coaching Agile \u00e0 l&rsquo;\u00e9chelle. \u00a0 \u00c9levez votre entreprise \u00e0 de nouveaux sommets : Chez PPM Consulting &amp; Performance, nous comprenons que l&rsquo;adoption de l&rsquo;agilit\u00e9 \u00e0...","og_url":"https:\/\/ppmconseil.com\/en\/transformation-agile\/","og_site_name":"PPM Consulting &amp; Performance","article_publisher":"https:\/\/www.linkedin.com\/company\/ppm-conseil-performance","article_modified_time":"2024-09-27T23:01:21+00:00","twitter_card":"summary_large_image","twitter_misc":{"Est. reading time":"2 minutes"},"schema":{"@context":"https:\/\/schema.org","@graph":[{"@type":"WebPage","@id":"https:\/\/ppmconseil.com\/transformation-agile\/","url":"https:\/\/ppmconseil.com\/transformation-agile\/","name":"- PPM Consulting &amp; Performance","isPartOf":{"@id":"https:\/\/ppmconseil.com\/#website"},"datePublished":"2023-12-22T18:05:19+00:00","dateModified":"2024-09-27T23:01:21+00:00","inLanguage":"en-US","potentialAction":[{"@type":"ReadAction","target":["https:\/\/ppmconseil.com\/transformation-agile\/"]}]},{"@type":"WebSite","@id":"https:\/\/ppmconseil.com\/#website","url":"https:\/\/ppmconseil.com\/","name":"PPM Conseil &amp; Performance","description":"","publisher":{"@id":"https:\/\/ppmconseil.com\/#organization"},"potentialAction":[{"@type":"SearchAction","target":{"@type":"EntryPoint","urlTemplate":"https:\/\/ppmconseil.com\/?s={search_term_string}"},"query-input":{"@type":"PropertyValueSpecification","valueRequired":true,"valueName":"search_term_string"}}],"inLanguage":"en-US"},{"@type":"Organization","@id":"https:\/\/ppmconseil.com\/#organization","name":"PPM Conseil &amp; Performance","url":"https:\/\/ppmconseil.com\/","logo":{"@type":"ImageObject","inLanguage":"en-US","@id":"https:\/\/ppmconseil.com\/#\/schema\/logo\/image\/","url":"https:\/\/ppmconseil.com\/wp-content\/uploads\/2024\/09\/cropped-197385723_padded_logo.png","contentUrl":"https:\/\/ppmconseil.com\/wp-content\/uploads\/2024\/09\/cropped-197385723_padded_logo.png","width":772,"height":228,"caption":"PPM Conseil & Performance"},"image":{"@id":"https:\/\/ppmconseil.com\/#\/schema\/logo\/image\/"},"sameAs":["https:\/\/www.linkedin.com\/company\/ppm-conseil-performance"]}]}},"_links":{"self":[{"href":"https:\/\/ppmconseil.com\/en\/wp-json\/wp\/v2\/pages\/988123"}],"collection":[{"href":"https:\/\/ppmconseil.com\/en\/wp-json\/wp\/v2\/pages"}],"about":[{"href":"https:\/\/ppmconseil.com\/en\/wp-json\/wp\/v2\/types\/page"}],"author":[{"embeddable":true,"href":"https:\/\/ppmconseil.com\/en\/wp-json\/wp\/v2\/users\/1"}],"replies":[{"embeddable":true,"href":"https:\/\/ppmconseil.com\/en\/wp-json\/wp\/v2\/comments?post=988123"}],"version-history":[{"count":7,"href":"https:\/\/ppmconseil.com\/en\/wp-json\/wp\/v2\/pages\/988123\/revisions"}],"predecessor-version":[{"id":988249,"href":"https:\/\/ppmconseil.com\/en\/wp-json\/wp\/v2\/pages\/988123\/revisions\/988249"}],"wp:attachment":[{"href":"https:\/\/ppmconseil.com\/en\/wp-json\/wp\/v2\/media?parent=988123"}],"curies":[{"name":"wp","href":"https:\/\/api.w.org\/{rel}","templated":true}]}}