{"id":13827,"date":"2017-08-31T09:32:09","date_gmt":"2017-08-31T09:32:09","guid":{"rendered":"https:\/\/consulting.vamtam.com\/?page_id=13827"},"modified":"2024-09-28T01:05:37","modified_gmt":"2024-09-27T23:05:37","slug":"ppm-consulting-perfomance","status":"publish","type":"page","link":"https:\/\/ppmconseil.com\/en\/","title":{"rendered":"PPM Consulting"},"content":{"rendered":"<div data-elementor-type=\"wp-page\" data-elementor-id=\"13827\" class=\"elementor elementor-13827\">\n\t\t\t\t\t\t\t<div class=\"elementor-element elementor-element-2a0be627 e-flex e-con-boxed e-con e-parent\" data-id=\"2a0be627\" data-element_type=\"container\" data-settings=\"{&quot;content_width&quot;:&quot;boxed&quot;}\" data-core-v316-plus=\"true\">\n\t\t\t\t\t<div class=\"e-con-inner\">\n\t\t\t\t<div class=\"elementor-element elementor-element-3a91223 elementor-widget elementor-widget-text-editor\" data-id=\"3a91223\" data-element_type=\"widget\" data-widget_type=\"text-editor.default\">\n\t\t\t\t<div class=\"elementor-widget-container\">\n\t\t\t<style>\/*! elementor - v3.18.0 - 04-12-2023 *\/\n.elementor-widget-text-editor.elementor-drop-cap-view-stacked .elementor-drop-cap{background-color:#69727d;color:#fff}.elementor-widget-text-editor.elementor-drop-cap-view-framed .elementor-drop-cap{color:#69727d;border:3px solid;background-color:transparent}.elementor-widget-text-editor:not(.elementor-drop-cap-view-default) .elementor-drop-cap{margin-top:8px}.elementor-widget-text-editor:not(.elementor-drop-cap-view-default) .elementor-drop-cap-letter{width:1em;height:1em}.elementor-widget-text-editor .elementor-drop-cap{float:left;text-align:center;line-height:1;font-size:50px}.elementor-widget-text-editor .elementor-drop-cap-letter{display:inline-block}<\/style>\t\t\t\t<!-- wp:fl-builder\/layout -->\n<h3>\n\tWe bring the right people together to challenge established thinking and drive transformation.\n\t<\/h3>\n<h3>\n\tWe Innovate\n\t<\/h3>\n\t<p>We innovate systematically, continuously and successfully.<\/p>\n\t<a href=\"\/en\/industries\/\" target=\"_self\" role=\"button\" rel=\"noopener\">\n\t\t\t\t\tRead more\n\t<\/a>\n<h3>\n\tPerformance\n\t<\/h3>\n\t<p>Performance is about solving problems and building business.<\/p>\n\t<a href=\"\/en\/aproach\/\" target=\"_self\" role=\"button\" rel=\"noopener\">\n\t\t\t\t\tRead more\n\t<\/a>\n<h3>\n\tA Full Service\n\t<\/h3>\n\t<p>We are a full service business solutions provider.<\/p>\n\t<a href=\"\/en\/services\/\" target=\"_self\" role=\"button\" rel=\"noopener\">\n\t\t\t\t\tRead more\n\t<\/a>\n<h2>\n\tIndustries\n\t<\/h2>\n<h5>\n\tAre you looking for professional advice for your business or your industry?\n\t<\/h5>\n\t<a href=\"\/en\/contact\/\" target=\"_self\" role=\"button\" rel=\"noopener\">\n\t\t\t\t\tGet a Free Quote\n\t<\/a>\n\t\t\t\t\t\t\t<img decoding=\"async\" src=\"https:\/\/consulting.vamtam.com\/wp-content\/uploads\/2017\/08\/logo-small.svg\" alt=\"logo-small\" itemprop=\"image\" height=\"90\" width=\"90\" title=\"logo-small\" onerror=\"this.style.display='none'\"  \/>\n<h2>\n\tWhy choose us?\n\t<\/h2>\n\t<a href=\"\/en\/contact\/\" target=\"_self\" role=\"button\" rel=\"noopener\">\n\t\t\t\t\tContact us\n\t<\/a>\n<h3>\n\t01.\n\t<\/h3>\n<h2>\n\tLet the numbers speak!\n\t<\/h2>\n\t<p>With enough data, the numbers speak for themselves.<\/p>\n<h2>\n\t500+\n\t<\/h2>\n\t<h4><strong>Successfully<\/strong><br \/>\ncompleted cases<\/h4>\n<h2>\n\t750+\n\t<\/h2>\n\t<h4><strong>Highly<\/strong> specialized<br \/>\nconsultants<\/h4>\n<h2>\n\t100%\n\t<\/h2>\n\t<h4><strong>Satisfaction<\/strong><br \/>\nof our customers<\/h4>\n<h2>\n\t30\n\t<\/h2>\n\t<h4><strong>Countries<\/strong> where<br \/>\nwe have customers.<\/h4>\n<h3>\n\t02.\n\t<\/h3>\n<h2>\n\tTestimonials\n\t<\/h2>\n\t<p>Read client consulting reviews for our company.<\/p>\n<h3>\n\t03.\n\t<\/h3>\n<h2>\n\tCustomers\n\t<\/h2>\n\t<p>We work for a wide variety of customers in both the private and public sectors.<\/p>\n\t\t\t\t\t\t\t<img decoding=\"async\" src=\"https:\/\/ppmconseil.com\/wp-content\/uploads\/2017\/08\/pixeden-logo-envato-1.svg\" alt=\"pixeden-logo-envato\" itemprop=\"image\" height=\"\" width=\"\" title=\"pixeden-logo-envato\" onerror=\"this.style.display='none'\"  \/>\n\t\t\t\t\t\t\t<img decoding=\"async\" src=\"https:\/\/consulting.vamtam.com\/wp-content\/uploads\/2017\/08\/envato-logo-1.svg\" alt=\"envato-logo\" itemprop=\"image\" height=\"\" width=\"\" title=\"envato-logo\" onerror=\"this.style.display='none'\"  \/>\n\t\t\t\t\t\t\t<img decoding=\"async\" src=\"https:\/\/ppmconseil.com\/wp-content\/uploads\/2017\/08\/appstorm-logo-envato-1.svg\" alt=\"appstorm-logo-envato\" itemprop=\"image\" height=\"\" width=\"\" title=\"appstorm-logo-envato\" onerror=\"this.style.display='none'\"  \/>\n\t\t\t\t\t\t\t<img decoding=\"async\" src=\"https:\/\/ppmconseil.com\/wp-content\/uploads\/2017\/08\/appstorm-logo-envato-1.svg\" alt=\"appstorm-logo-envato\" itemprop=\"image\" height=\"\" width=\"\" title=\"appstorm-logo-envato\" onerror=\"this.style.display='none'\"  \/>\n\t\t\t\t\t\t\t<img decoding=\"async\" src=\"https:\/\/ppmconseil.com\/wp-content\/uploads\/2017\/08\/pixeden-logo-envato-1.svg\" alt=\"pixeden-logo-envato\" itemprop=\"image\" height=\"\" width=\"\" title=\"pixeden-logo-envato\" onerror=\"this.style.display='none'\"  \/>\n\t\t\t\t\t\t\t<img decoding=\"async\" src=\"https:\/\/consulting.vamtam.com\/wp-content\/uploads\/2017\/08\/envato-logo-1.svg\" alt=\"envato-logo\" itemprop=\"image\" height=\"\" width=\"\" title=\"envato-logo\" onerror=\"this.style.display='none'\"  \/>\n\t\t\t\t\t\t\t<img decoding=\"async\" src=\"https:\/\/consulting.vamtam.com\/wp-content\/uploads\/2017\/08\/envato-logo-1.svg\" alt=\"envato-logo\" itemprop=\"image\" height=\"\" width=\"\" title=\"envato-logo\" onerror=\"this.style.display='none'\"  \/>\n\t\t\t\t\t\t\t<img decoding=\"async\" src=\"https:\/\/ppmconseil.com\/wp-content\/uploads\/2017\/08\/appstorm-logo-envato-1.svg\" alt=\"appstorm-logo-envato\" itemprop=\"image\" height=\"\" width=\"\" title=\"appstorm-logo-envato\" onerror=\"this.style.display='none'\"  \/>\n\t\t\t\t\t\t\t<img decoding=\"async\" src=\"https:\/\/ppmconseil.com\/wp-content\/uploads\/2017\/08\/pixeden-logo-envato-1.svg\" alt=\"pixeden-logo-envato\" itemprop=\"image\" height=\"\" width=\"\" title=\"pixeden-logo-envato\" onerror=\"this.style.display='none'\"  \/>\n<h3>\n\t04.\n\t<\/h3>\n<h2>\n\tMeet our Advisors\n\t<\/h2>\n\t<p>Our business experts come from businesses of all shapes and sizes.<\/p>\n\t\t\t\t\t\t\t<a href=\"\/en\/eddie-adkins\/\" title=\"Matthew Stone\">\n\t\t\t\t\t\t\t<img loading=\"lazy\" decoding=\"async\" width=\"650\" height=\"720\" src=\"https:\/\/consulting.vamtam.com\/wp-content\/uploads\/2016\/04\/people-1.jpg\" alt=\"\" srcset=\"data:image\/svg+xml;utf8,&lt;svg%20xmlns=&quot;http:\/\/www.w3.org\/2000\/svg&quot;%20viewBox=&quot;0%200%20650%20720&quot;%20height=&quot;720px&quot;%20width=&quot;650px&quot;\/&gt;\" data-srcset=\"https:\/\/consulting.vamtam.com\/wp-content\/uploads\/2016\/04\/people-1.jpg 650w, https:\/\/consulting.vamtam.com\/wp-content\/uploads\/2016\/04\/people-1-315x349.jpg 315w, https:\/\/consulting.vamtam.com\/wp-content\/uploads\/2016\/04\/people-1-630x698.jpg 630w, https:\/\/consulting.vamtam.com\/wp-content\/uploads\/2016\/04\/people-1-451x500.jpg 451w, https:\/\/consulting.vamtam.com\/wp-content\/uploads\/2016\/04\/people-1-446x494.jpg 446w, https:\/\/consulting.vamtam.com\/wp-content\/uploads\/2016\/04\/people-1-327x362.jpg 327w\" sizes=\"(max-width: 650px) 100vw, 650px\" data-attachment-id=\"14312\" data-permalink=\"https:\/\/consulting.vamtam.com\/testimonial\/welcome-jackieadams777\/people-1\/\" data-orig-file=\"https:\/\/consulting.vamtam.com\/wp-content\/uploads\/2016\/04\/people-1.jpg\" data-orig-size=\"650,720\" data-comments-opened=\"1\" data-image-meta=\"{&quot;aperture&quot;:&quot;0&quot;,&quot;credit&quot;:&quot;&quot;,&quot;camera&quot;:&quot;&quot;,&quot;caption&quot;:&quot;&quot;,&quot;created_timestamp&quot;:&quot;0&quot;,&quot;copyright&quot;:&quot;&quot;,&quot;focal_length&quot;:&quot;0&quot;,&quot;iso&quot;:&quot;0&quot;,&quot;shutter_speed&quot;:&quot;0&quot;,&quot;title&quot;:&quot;&quot;,&quot;orientation&quot;:&quot;0&quot;}\" data-image-title=\"people-1\" data-image-description=\"\" data-image-caption=\"\" data-medium-file=\"https:\/\/consulting.vamtam.com\/wp-content\/uploads\/2016\/04\/people-1-451x500.jpg\" data-large-file=\"https:\/\/consulting.vamtam.com\/wp-content\/uploads\/2016\/04\/people-1.jpg\" \/>\t\t\t\t\t\t\t<\/a>\n\t\t\t\t\t\t\t\t\t\t\t<a href=\"#\">&#59713;<\/a>\n\t\t\t\t\t\t\t\t\t\t\t<a href=\"#\">&#58904;<\/a>\n\t\t\t\t\t\t\t\t\t\t\t<a href=\"#\">&#59717;<\/a>\n\t\t\t\t\t\t\t\t\t\t\t<a href=\"#\">&#59716;<\/a>\n\t\t\t\t\t<h5>Chief operating<\/h5>\n\t\t<h3>\n\t\t\t\t\t\t\t<a href=\"\/en\/eddie-adkins\/\" title=\"Matthew Stone\">\n\t\t\t\t\t\t\tMatthew Stone\t\t\t\t\t\t\t<\/a>\n\t\t\t\t\t<\/h3>\n\t\t\t\t<p>As chief operating officer, Jason Bradson is responsible for Financial Company's operations East and Central regions.<\/p>\t\t\t\n\t\t\t\t\t\t\t<a href=\"\/en\/karla-avala\/\" title=\"Antony Karlson\">\n\t\t\t\t\t\t\t<img loading=\"lazy\" decoding=\"async\" width=\"650\" height=\"720\" src=\"https:\/\/consulting.vamtam.com\/wp-content\/uploads\/2016\/04\/people-3.jpg\" alt=\"\" srcset=\"data:image\/svg+xml;utf8,&lt;svg%20xmlns=&quot;http:\/\/www.w3.org\/2000\/svg&quot;%20viewBox=&quot;0%200%20650%20720&quot;%20height=&quot;720px&quot;%20width=&quot;650px&quot;\/&gt;\" data-srcset=\"https:\/\/consulting.vamtam.com\/wp-content\/uploads\/2016\/04\/people-3.jpg 650w, https:\/\/consulting.vamtam.com\/wp-content\/uploads\/2016\/04\/people-3-315x349.jpg 315w, https:\/\/consulting.vamtam.com\/wp-content\/uploads\/2016\/04\/people-3-630x698.jpg 630w, https:\/\/consulting.vamtam.com\/wp-content\/uploads\/2016\/04\/people-3-451x500.jpg 451w, https:\/\/consulting.vamtam.com\/wp-content\/uploads\/2016\/04\/people-3-446x494.jpg 446w, https:\/\/consulting.vamtam.com\/wp-content\/uploads\/2016\/04\/people-3-327x362.jpg 327w\" sizes=\"(max-width: 650px) 100vw, 650px\" data-attachment-id=\"14309\" data-permalink=\"https:\/\/consulting.vamtam.com\/testimonial\/welcome-jackieadams777\/people-3\/\" data-orig-file=\"https:\/\/consulting.vamtam.com\/wp-content\/uploads\/2016\/04\/people-3.jpg\" data-orig-size=\"650,720\" data-comments-opened=\"1\" data-image-meta=\"{&quot;aperture&quot;:&quot;0&quot;,&quot;credit&quot;:&quot;&quot;,&quot;camera&quot;:&quot;&quot;,&quot;caption&quot;:&quot;&quot;,&quot;created_timestamp&quot;:&quot;0&quot;,&quot;copyright&quot;:&quot;&quot;,&quot;focal_length&quot;:&quot;0&quot;,&quot;iso&quot;:&quot;0&quot;,&quot;shutter_speed&quot;:&quot;0&quot;,&quot;title&quot;:&quot;&quot;,&quot;orientation&quot;:&quot;0&quot;}\" data-image-title=\"people-3\" data-image-description=\"\" data-image-caption=\"\" data-medium-file=\"https:\/\/consulting.vamtam.com\/wp-content\/uploads\/2016\/04\/people-3-451x500.jpg\" data-large-file=\"https:\/\/consulting.vamtam.com\/wp-content\/uploads\/2016\/04\/people-3.jpg\" \/>\t\t\t\t\t\t\t<\/a>\n\t\t\t\t\t\t\t\t\t\t\t<a href=\"#\">&#59713;<\/a>\n\t\t\t\t\t\t\t\t\t\t\t<a href=\"#\">&#58904;<\/a>\n\t\t\t\t\t\t\t\t\t\t\t<a href=\"#\">&#59717;<\/a>\n\t\t\t\t\t\t\t\t\t\t\t<a href=\"#\">&#59716;<\/a>\n\t\t\t\t\t<h5>CEO<\/h5>\n\t\t<h3>\n\t\t\t\t\t\t\t<a href=\"\/en\/karla-avala\/\" title=\"Antony Karlson\">\n\t\t\t\t\t\t\tAntony Karlson\t\t\t\t\t\t\t<\/a>\n\t\t\t\t\t<\/h3>\n\t\t\t\t<p>As CEO, Antony Karlson is responsible for Financial Company's operations both nationally and for the East and Central regions.<\/p>\t\t\t\n\t<a href=\"\/en\/about\/people\/\" target=\"_self\" role=\"button\" rel=\"noopener\">\n\t\t\t\t\tView all people\n\t<\/a>\n\t<a href=\"\/en\/contact\/\" target=\"_self\" role=\"button\" rel=\"noopener\">\n\t\t\t\t\tJoin the team\n\t<\/a>\n<h3>\n\tNeed more?\n\t<\/h3>\n<h2>\n\tSee some case studies\n\t<\/h2>\n<h2>\n\tRequest a Free Call Back\n\t<\/h2>\n\t<p>All consultants are able to give you a free call back at any time.<\/p>\n    Notice: JavaScript is required for this content.\n        <!-- TODO: Move to Template File. -->\n        <h2>\n\tInsights\n\t<\/h2>\n\t<p>Read our views on the things that matter to you. And get to know our people. We make the difference.<\/p>\n<h3>\n\tOur Offices\n\t<\/h3>\n\t<p>View our locations around the world and find contact details for your nearest office.<\/p>\n\t<a href=\"\/en\/contact\/\" target=\"_self\" role=\"button\" rel=\"noopener\">\n\t\t\t\t\t Locate the Nearest Office\n\t<\/a>\n<h3>\n\tDrop a Line\n\t<\/h3>\n\t<p>You may contact us by filling in this form any time you need professional support.<\/p>\n\t<a href=\"\/en\/contact\/\" target=\"_self\" role=\"button\" rel=\"noopener\">\n\t\t\t\t\tFill Our Form\n\t<\/a>\n<h3>\n\tCareers\n\t<\/h3>\n\t<p>Join the world's largest consulting organization with a unique position .<\/p>\n\t<a href=\"\/en\/about\/people\/\" target=\"_self\" role=\"button\" rel=\"noopener\">\n\t\t\t\t\tSee Open Positions\n\t<\/a>\n\n<!-- \/wp:fl-builder\/layout -->\t\t\t\t\t\t<\/div>\n\t\t\t\t<\/div>\n\t\t\t\t\t<\/div>\n\t\t\t\t<\/div>\n\t\t\t\t\t\t\t<\/div>","protected":false},"excerpt":{"rendered":"<p>Our services Are you looking for professional advice for your agile transformation? Contact us Find out more about PPM Consulting &amp; Performance? At PPM Consulting &amp; Performance, we...<\/p>","protected":false},"author":1,"featured_media":0,"parent":0,"menu_order":0,"comment_status":"closed","ping_status":"closed","template":"","meta":{"inline_featured_image":false,"footnotes":""},"yoast_head":"<!-- This site is optimized with the Yoast SEO Premium plugin v23.4 (Yoast SEO v23.5) - https:\/\/yoast.com\/wordpress\/plugins\/seo\/ -->\n<title>PPM Consulting &amp; Performance | Experts en transformation Lean-Agile et impl\u00e9mentation d&#039;outils PPM<\/title>\n<meta name=\"description\" content=\"Nous accompagnons les entreprises dans leur transformation Lean-Agile et l\u2019impl\u00e9mentation d&#039;outils PPM sur mesure pour optimiser l&#039;efficacit\u00e9 de la gestion de projet \u00e0 grande \u00e9chelle.\" \/>\n<meta name=\"robots\" content=\"index, follow, max-snippet:-1, max-image-preview:large, max-video-preview:-1\" \/>\n<link rel=\"canonical\" href=\"https:\/\/ppmconseil.com\/en\/\" \/>\n<meta property=\"og:locale\" content=\"en_US\" \/>\n<meta property=\"og:type\" content=\"article\" \/>\n<meta property=\"og:title\" content=\"PPM Consulting\" \/>\n<meta property=\"og:description\" content=\"Nous accompagnons les entreprises dans leur transformation Lean-Agile et l\u2019impl\u00e9mentation d&#039;outils PPM sur mesure pour optimiser l&#039;efficacit\u00e9 de la gestion de projet \u00e0 grande \u00e9chelle.\" \/>\n<meta property=\"og:url\" content=\"https:\/\/ppmconseil.com\/en\/\" \/>\n<meta property=\"og:site_name\" content=\"PPM Consulting &amp; Performance\" \/>\n<meta property=\"article:publisher\" content=\"https:\/\/www.linkedin.com\/company\/ppm-conseil-performance\" \/>\n<meta property=\"article:modified_time\" content=\"2024-09-27T23:05:37+00:00\" \/>\n<meta property=\"og:image\" content=\"https:\/\/ppmconseil.com\/wp-content\/uploads\/2023\/12\/Agil@Scale.png\" \/>\n<meta name=\"twitter:card\" content=\"summary_large_image\" \/>\n<meta name=\"twitter:label1\" content=\"Est. reading time\" \/>\n\t<meta name=\"twitter:data1\" content=\"7 minutes\" \/>\n<script type=\"application\/ld+json\" class=\"yoast-schema-graph\">{\"@context\":\"https:\/\/schema.org\",\"@graph\":[{\"@type\":\"WebPage\",\"@id\":\"https:\/\/ppmconseil.com\/\",\"url\":\"https:\/\/ppmconseil.com\/\",\"name\":\"PPM Consulting &amp; Performance | Experts en transformation Lean-Agile et impl\u00e9mentation d'outils PPM\",\"isPartOf\":{\"@id\":\"https:\/\/ppmconseil.com\/#website\"},\"primaryImageOfPage\":{\"@id\":\"https:\/\/ppmconseil.com\/#primaryimage\"},\"image\":{\"@id\":\"https:\/\/ppmconseil.com\/#primaryimage\"},\"thumbnailUrl\":\"https:\/\/ppmconseil.com\/wp-content\/uploads\/2023\/12\/Agil@Scale.png\",\"datePublished\":\"2017-08-31T09:32:09+00:00\",\"dateModified\":\"2024-09-27T23:05:37+00:00\",\"description\":\"Nous accompagnons les entreprises dans leur transformation Lean-Agile et l\u2019impl\u00e9mentation d'outils PPM sur mesure pour optimiser l'efficacit\u00e9 de la gestion de projet \u00e0 grande \u00e9chelle.\",\"breadcrumb\":{\"@id\":\"https:\/\/ppmconseil.com\/#breadcrumb\"},\"inLanguage\":\"en-US\",\"potentialAction\":[{\"@type\":\"ReadAction\",\"target\":[\"https:\/\/ppmconseil.com\/\"]}]},{\"@type\":\"ImageObject\",\"inLanguage\":\"en-US\",\"@id\":\"https:\/\/ppmconseil.com\/#primaryimage\",\"url\":\"https:\/\/ppmconseil.com\/wp-content\/uploads\/2023\/12\/Agil@Scale.png\",\"contentUrl\":\"https:\/\/ppmconseil.com\/wp-content\/uploads\/2023\/12\/Agil@Scale.png\"},{\"@type\":\"BreadcrumbList\",\"@id\":\"https:\/\/ppmconseil.com\/#breadcrumb\",\"itemListElement\":[{\"@type\":\"ListItem\",\"position\":1,\"name\":\"Home\",\"item\":\"https:\/\/ppmconseil.com\/\"},{\"@type\":\"ListItem\",\"position\":2,\"name\":\"PPM Consulting\"}]},{\"@type\":\"WebSite\",\"@id\":\"https:\/\/ppmconseil.com\/#website\",\"url\":\"https:\/\/ppmconseil.com\/\",\"name\":\"PPM Conseil & Performance\",\"description\":\"\",\"publisher\":{\"@id\":\"https:\/\/ppmconseil.com\/#organization\"},\"potentialAction\":[{\"@type\":\"SearchAction\",\"target\":{\"@type\":\"EntryPoint\",\"urlTemplate\":\"https:\/\/ppmconseil.com\/?s={search_term_string}\"},\"query-input\":{\"@type\":\"PropertyValueSpecification\",\"valueRequired\":true,\"valueName\":\"search_term_string\"}}],\"inLanguage\":\"en-US\"},{\"@type\":\"Organization\",\"@id\":\"https:\/\/ppmconseil.com\/#organization\",\"name\":\"PPM Conseil & Performance\",\"url\":\"https:\/\/ppmconseil.com\/\",\"logo\":{\"@type\":\"ImageObject\",\"inLanguage\":\"en-US\",\"@id\":\"https:\/\/ppmconseil.com\/#\/schema\/logo\/image\/\",\"url\":\"https:\/\/ppmconseil.com\/wp-content\/uploads\/2024\/09\/cropped-197385723_padded_logo.png\",\"contentUrl\":\"https:\/\/ppmconseil.com\/wp-content\/uploads\/2024\/09\/cropped-197385723_padded_logo.png\",\"width\":772,\"height\":228,\"caption\":\"PPM Conseil & Performance\"},\"image\":{\"@id\":\"https:\/\/ppmconseil.com\/#\/schema\/logo\/image\/\"},\"sameAs\":[\"https:\/\/www.linkedin.com\/company\/ppm-conseil-performance\"]}]}<\/script>\n<!-- \/ Yoast SEO Premium plugin. -->","yoast_head_json":{"title":"PPM Consulting &amp; Performance | Experts in Lean-Agile transformation and PPM tool implementation","description":"We support companies in their Lean-Agile transformation and the implementation of tailor-made PPM tools to optimize the efficiency of large-scale project management.","robots":{"index":"index","follow":"follow","max-snippet":"max-snippet:-1","max-image-preview":"max-image-preview:large","max-video-preview":"max-video-preview:-1"},"canonical":"https:\/\/ppmconseil.com\/en\/","og_locale":"en_US","og_type":"article","og_title":"PPM Consulting","og_description":"Nous accompagnons les entreprises dans leur transformation Lean-Agile et l\u2019impl\u00e9mentation d'outils PPM sur mesure pour optimiser l'efficacit\u00e9 de la gestion de projet \u00e0 grande \u00e9chelle.","og_url":"https:\/\/ppmconseil.com\/en\/","og_site_name":"PPM Consulting &amp; Performance","article_publisher":"https:\/\/www.linkedin.com\/company\/ppm-conseil-performance","article_modified_time":"2024-09-27T23:05:37+00:00","og_image":[{"url":"https:\/\/ppmconseil.com\/wp-content\/uploads\/2023\/12\/Agil@Scale.png"}],"twitter_card":"summary_large_image","twitter_misc":{"Est. reading time":"7 minutes"},"schema":{"@context":"https:\/\/schema.org","@graph":[{"@type":"WebPage","@id":"https:\/\/ppmconseil.com\/","url":"https:\/\/ppmconseil.com\/","name":"PPM Consulting &amp; Performance | Experts in Lean-Agile transformation and PPM tool implementation","isPartOf":{"@id":"https:\/\/ppmconseil.com\/#website"},"primaryImageOfPage":{"@id":"https:\/\/ppmconseil.com\/#primaryimage"},"image":{"@id":"https:\/\/ppmconseil.com\/#primaryimage"},"thumbnailUrl":"https:\/\/ppmconseil.com\/wp-content\/uploads\/2023\/12\/Agil@Scale.png","datePublished":"2017-08-31T09:32:09+00:00","dateModified":"2024-09-27T23:05:37+00:00","description":"We support companies in their Lean-Agile transformation and the implementation of tailor-made PPM tools to optimize the efficiency of large-scale project management.","breadcrumb":{"@id":"https:\/\/ppmconseil.com\/#breadcrumb"},"inLanguage":"en-US","potentialAction":[{"@type":"ReadAction","target":["https:\/\/ppmconseil.com\/"]}]},{"@type":"ImageObject","inLanguage":"en-US","@id":"https:\/\/ppmconseil.com\/#primaryimage","url":"https:\/\/ppmconseil.com\/wp-content\/uploads\/2023\/12\/Agil@Scale.png","contentUrl":"https:\/\/ppmconseil.com\/wp-content\/uploads\/2023\/12\/Agil@Scale.png"},{"@type":"BreadcrumbList","@id":"https:\/\/ppmconseil.com\/#breadcrumb","itemListElement":[{"@type":"ListItem","position":1,"name":"Home","item":"https:\/\/ppmconseil.com\/"},{"@type":"ListItem","position":2,"name":"PPM Consulting"}]},{"@type":"WebSite","@id":"https:\/\/ppmconseil.com\/#website","url":"https:\/\/ppmconseil.com\/","name":"PPM Conseil &amp; Performance","description":"","publisher":{"@id":"https:\/\/ppmconseil.com\/#organization"},"potentialAction":[{"@type":"SearchAction","target":{"@type":"EntryPoint","urlTemplate":"https:\/\/ppmconseil.com\/?s={search_term_string}"},"query-input":{"@type":"PropertyValueSpecification","valueRequired":true,"valueName":"search_term_string"}}],"inLanguage":"en-US"},{"@type":"Organization","@id":"https:\/\/ppmconseil.com\/#organization","name":"PPM Conseil &amp; Performance","url":"https:\/\/ppmconseil.com\/","logo":{"@type":"ImageObject","inLanguage":"en-US","@id":"https:\/\/ppmconseil.com\/#\/schema\/logo\/image\/","url":"https:\/\/ppmconseil.com\/wp-content\/uploads\/2024\/09\/cropped-197385723_padded_logo.png","contentUrl":"https:\/\/ppmconseil.com\/wp-content\/uploads\/2024\/09\/cropped-197385723_padded_logo.png","width":772,"height":228,"caption":"PPM Conseil & Performance"},"image":{"@id":"https:\/\/ppmconseil.com\/#\/schema\/logo\/image\/"},"sameAs":["https:\/\/www.linkedin.com\/company\/ppm-conseil-performance"]}]}},"_links":{"self":[{"href":"https:\/\/ppmconseil.com\/en\/wp-json\/wp\/v2\/pages\/13827"}],"collection":[{"href":"https:\/\/ppmconseil.com\/en\/wp-json\/wp\/v2\/pages"}],"about":[{"href":"https:\/\/ppmconseil.com\/en\/wp-json\/wp\/v2\/types\/page"}],"author":[{"embeddable":true,"href":"https:\/\/ppmconseil.com\/en\/wp-json\/wp\/v2\/users\/1"}],"replies":[{"embeddable":true,"href":"https:\/\/ppmconseil.com\/en\/wp-json\/wp\/v2\/comments?post=13827"}],"version-history":[{"count":36,"href":"https:\/\/ppmconseil.com\/en\/wp-json\/wp\/v2\/pages\/13827\/revisions"}],"predecessor-version":[{"id":988253,"href":"https:\/\/ppmconseil.com\/en\/wp-json\/wp\/v2\/pages\/13827\/revisions\/988253"}],"wp:attachment":[{"href":"https:\/\/ppmconseil.com\/en\/wp-json\/wp\/v2\/media?parent=13827"}],"curies":[{"name":"wp","href":"https:\/\/api.w.org\/{rel}","templated":true}]}}